{"id":1038,"date":"2026-02-28T19:31:33","date_gmt":"2026-02-28T16:31:33","guid":{"rendered":"https:\/\/ipekabasikeles.com\/?page_id=1038"},"modified":"2026-03-01T01:41:12","modified_gmt":"2026-02-28T22:41:12","slug":"ipek-abasikeles-turgut","status":"publish","type":"page","link":"https:\/\/ipekabasikeles.com\/en\/","title":{"rendered":"\u00d6zge\u00e7mi\u015f"},"content":{"rendered":"\n<style>\n  .bio-container {\n    max-width: 900px;\n    margin: 40px auto;\n    font-family: system-ui, -apple-system, BlinkMacSystemFont, \"Segoe UI\", Roboto, sans-serif;\n    background: white;\n    border-radius: 16px;\n    box-shadow: 0 10px 25px -5px rgba(0, 0, 0, 0.05), 0 4px 6px -2px rgba(0, 0, 0, 0.025);\n    border: 1px solid #e2e8f0;\n    overflow: hidden;\n  }\n\n  \/* \u00dcst Ba\u015fl\u0131k (Hero) K\u0131sm\u0131 - Profil Foto\u011frafl\u0131 *\/\n  .bio-header {\n    background: linear-gradient(135deg, #1e3a8a 0%, #3b82f6 100%);\n    padding: 50px 40px;\n    display: flex;\n    align-items: center;\n    gap: 30px;\n  }\n\n  .profile-image {\n    width: 140px;\n    height: 140px;\n    border-radius: 50%;\n    object-fit: cover;\n    border: 4px solid rgba(255, 255, 255, 0.2);\n    box-shadow: 0 4px 15px rgba(0, 0, 0, 0.2);\n    flex-shrink: 0;\n  }\n\n  .header-text {\n    color: white;\n  }\n\n  .header-text h1 {\n    margin: 0 0 8px 0;\n    font-size: 2.4rem;\n    font-weight: 800;\n    letter-spacing: -0.5px;\n    color: #ffffff !important;\n  }\n\n  .header-text p {\n    margin: 0;\n    font-size: 1.15rem;\n    color: #bfdbfe;\n    font-weight: 500;\n  }\n\n  \/* \u0130\u00e7erik K\u0131sm\u0131 *\/\n  .bio-content {\n    padding: 40px 50px;\n  }\n\n  .bio-content p {\n    font-size: 1.05rem;\n    line-height: 1.8;\n    color: #475569;\n    margin-bottom: 20px;\n  }\n\n  \/* \u0130lgi Alanlar\u0131 Vurgu Kutusu *\/\n  .research-interests {\n    background: #eff6ff;\n    border-left: 4px solid #3b82f6;\n    padding: 20px 25px;\n    border-radius: 0 8px 8px 0;\n    margin: 30px 0;\n  }\n\n  .research-interests strong {\n    color: #1e40af;\n    display: block;\n    margin-bottom: 8px;\n    font-size: 1.1rem;\n  }\n\n  .research-interests p {\n    margin: 0;\n    color: #1e3a8a;\n    font-size: 1.05rem;\n  }\n\n  .personal-info {\n    font-style: italic;\n    color: #64748b !important;\n    border-top: 1px solid #e2e8f0;\n    padding-top: 20px;\n    margin-top: 30px;\n  }\n\n  \/* Buton Tasar\u0131m\u0131 *\/\n  .btn-publications {\n    display: inline-flex;\n    align-items: center;\n    justify-content: center;\n    background-color: #0f172a;\n    color: white;\n    text-decoration: none;\n    padding: 14px 28px;\n    border-radius: 8px;\n    font-weight: 600;\n    font-size: 1rem;\n    margin-top: 10px;\n    transition: all 0.3s ease;\n  }\n\n  .btn-publications:hover {\n    background-color: #1e3a8a;\n    transform: translateY(-2px);\n    box-shadow: 0 10px 15px -3px rgba(30, 58, 138, 0.3);\n  }\n\n  \/* Mobil Uyumluluk *\/\n  @media (max-width: 600px) {\n    .bio-header { \n      flex-direction: column; \n      text-align: center; \n      padding: 40px 20px; \n    }\n    .header-text h1 { font-size: 2rem; }\n    .bio-content { padding: 30px 20px; }\n  }\n<\/style>\n\n<div class=\"bio-container\">\n  <div class=\"bio-header\">\n    <img decoding=\"async\" src=\"https:\/\/iste.edu.tr\/gallery\/_resized\/2118_new_1709126525.jpg\" alt=\"Assoc. Prof. Dr. \u0130pek Abas\u0131kele\u015f Turgut\" class=\"profile-image\">\n    <div class=\"header-text\">\n      <h1>Assoc. Prof. Dr. \u0130pek Abas\u0131kele\u015f Turgut<\/h1>\n      <p>Faculty Member, Computer Engineering<\/p>\n    <\/div>\n  <\/div>\n  \n  <div class=\"bio-content\">\n    <p>\u0130pek Abas\u0131kele\u015f-Turgut was born in Adana in December 1984. She completed her undergraduate education at Istanbul Technical University (ITU) in the Department of Computer Engineering, graduating with honors in 2007. She earned her Master&#8217;s and Ph.D. degrees from \u00c7ukurova University in 2009 and 2013, respectively.<\/p>\n    \n    <p>Between 2012 and 2014, she served first as a Research Assistant and later as an Assistant Professor at Adana Science and Technology University. In 2014, she was appointed as an Assistant Professor at Mustafa Kemal University. Following the separation of the Faculty of Engineering to establish Iskenderun Technical University in 2015, she has continued her academic career there. She earned the title of Associate Professor in Computer Science on January 19, 2022.<\/p>\n    \n    <div class=\"research-interests\">\n      <strong>Research Interests:<\/strong>\n      <p>Routing and security in wireless sensor networks, parallel and distributed computing, simulation and modeling of distributed shared memory multiprocessors.<\/p>\n    <\/div>\n    \n    <p class=\"personal-info\">Married since 2013, she is the mother of one child.<\/p>\n    \n    <a href=\"https:\/\/ipekabasikeles.com\/yayinlar\/\" class=\"btn-publications\">Recent Publications &rarr;<\/a>\n  <\/div>\n<\/div>\n","protected":false},"excerpt":{"rendered":"<p>Assoc. Prof. Dr. \u0130pek Abas\u0131kele\u015f Turgut Faculty Member, Computer Engineering \u0130pek Abas\u0131kele\u015f-Turgut was born in Adana in December 1984. She completed her undergraduate education at Istanbul Technical University (ITU) in the Department of Computer Engineering, graduating with honors in 2007. She earned her Master&#8217;s and Ph.D. degrees from \u00c7ukurova University in 2009 and 2013, respectively&#8230;.<\/p>\n","protected":false},"author":1,"featured_media":0,"parent":0,"menu_order":0,"comment_status":"closed","ping_status":"closed","template":"","meta":{"_kad_post_transparent":"enable","_kad_post_title":"show","_kad_post_layout":"normal","_kad_post_sidebar_id":"","_kad_post_content_style":"default","_kad_post_vertical_padding":"bottom","_kad_post_feature":"default","_kad_post_feature_position":"","_kad_post_header":false,"_kad_post_footer":false,"_kad_post_classname":"","footnotes":""},"class_list":["post-1038","page","type-page","status-publish","hentry"],"translation":{"provider":"WPGlobus","version":"3.0.2","language":"en","enabled_languages":["tr","en"],"languages":{"tr":{"title":true,"content":true,"excerpt":false},"en":{"title":true,"content":true,"excerpt":false}}},"_links":{"self":[{"href":"https:\/\/ipekabasikeles.com\/en\/wp-json\/wp\/v2\/pages\/1038","targetHints":{"allow":["GET"]}}],"collection":[{"href":"https:\/\/ipekabasikeles.com\/en\/wp-json\/wp\/v2\/pages"}],"about":[{"href":"https:\/\/ipekabasikeles.com\/en\/wp-json\/wp\/v2\/types\/page"}],"author":[{"embeddable":true,"href":"https:\/\/ipekabasikeles.com\/en\/wp-json\/wp\/v2\/users\/1"}],"replies":[{"embeddable":true,"href":"https:\/\/ipekabasikeles.com\/en\/wp-json\/wp\/v2\/comments?post=1038"}],"version-history":[{"count":17,"href":"https:\/\/ipekabasikeles.com\/en\/wp-json\/wp\/v2\/pages\/1038\/revisions"}],"predecessor-version":[{"id":1134,"href":"https:\/\/ipekabasikeles.com\/en\/wp-json\/wp\/v2\/pages\/1038\/revisions\/1134"}],"wp:attachment":[{"href":"https:\/\/ipekabasikeles.com\/en\/wp-json\/wp\/v2\/media?parent=1038"}],"curies":[{"name":"wp","href":"https:\/\/api.w.org\/{rel}","templated":true}]}}