{"id":81,"date":"2014-07-23T10:21:08","date_gmt":"2014-07-23T07:21:08","guid":{"rendered":"http:\/\/ipekabasikeles.com\/?page_id=81"},"modified":"2026-03-20T08:33:58","modified_gmt":"2026-03-20T05:33:58","slug":"dersler","status":"publish","type":"page","link":"https:\/\/ipekabasikeles.com\/en\/dersler\/","title":{"rendered":"Courses"},"content":{"rendered":"\n<style>\n  body {\n    background-color: #f1f5f9;\n    margin: 0;\n    font-family: system-ui, -apple-system, BlinkMacSystemFont, \"Segoe UI\", Roboto, sans-serif;\n    color: #1e293b;\n  }\n\n  \/* \u00dcst K\u0131s\u0131m Tasar\u0131m\u0131 *\/\n  .page-header {\n    background-color: #f1f5f9;\n    padding: 60px 20px;\n    text-align: center;\n  }\n  \n  .page-header h1 {\n    margin: 0;\n    font-size: 2.5rem;\n    color: #0f172a;\n    font-weight: 700;\n  }\n\n  \/* Ana \u0130\u00e7erik Konteyneri *\/\n  .content-container {\n    max-width: 900px;\n    margin: -20px auto 50px auto;\n    background: #ffffff;\n    padding: 40px;\n    border-radius: 8px;\n    box-shadow: 0 4px 6px -1px rgba(0, 0, 0, 0.05), 0 2px 4px -1px rgba(0, 0, 0, 0.03);\n  }\n\n  .section-title {\n    font-size: 1.25rem;\n    color: #334155;\n    margin-top: 0;\n    margin-bottom: 30px;\n    font-weight: 700;\n  }\n\n  \/* Akordeon Liste Tasar\u0131m\u0131 *\/\n  .course-list {\n    display: flex;\n    flex-direction: column;\n    gap: 15px;\n  }\n\n  details {\n    background: #ffffff;\n    border: 1px solid #e2e8f0;\n    border-radius: 8px;\n    overflow: hidden;\n    transition: all 0.3s ease;\n  }\n\n  details[open] {\n    border-color: #cbd5e1;\n    box-shadow: 0 4px 6px -1px rgba(0, 0, 0, 0.05);\n  }\n\n  summary {\n    padding: 18px 20px;\n    font-weight: 600;\n    font-size: 1.1rem;\n    cursor: pointer;\n    list-style: none;\n    display: flex;\n    justify-content: space-between;\n    align-items: center;\n    background: #f8fafc;\n    transition: background 0.2s;\n  }\n\n  summary::-webkit-details-marker {\n    display: none;\n  }\n\n  summary:hover {\n    background: #f1f5f9;\n  }\n\n  summary::after {\n    content: '+';\n    font-size: 1.5rem;\n    color: #64748b;\n    font-weight: 400;\n  }\n\n  details[open] summary::after {\n    content: '\u2212';\n  }\n\n  .course-title-wrapper {\n    display: flex;\n    align-items: center;\n    gap: 15px;\n  }\n\n  .course-code {\n    font-size: 0.85rem;\n    color: #64748b;\n    font-weight: 500;\n  }\n\n  \/* Ders Detay \u0130\u00e7eri\u011fi *\/\n  .course-details {\n    padding: 25px 20px;\n    border-top: 1px solid #e2e8f0;\n    line-height: 1.6;\n    color: #475569;\n  }\n\n  .detail-group {\n    margin-bottom: 15px;\n  }\n\n  .detail-group:last-child {\n    margin-bottom: 0;\n  }\n\n  .detail-label {\n    font-weight: 700;\n    color: #1e293b;\n    font-size: 0.95rem;\n  }\n\n  .badge-container {\n    display: flex;\n    gap: 10px;\n    margin-bottom: 20px;\n  }\n\n  .badge {\n    padding: 4px 10px;\n    border-radius: 9999px;\n    font-size: 0.8rem;\n    font-weight: 600;\n  }\n\n  .badge-zorunlu { background: #fee2e2; color: #991b1b; }\n  .badge-secmeli { background: #e0e7ff; color: #3730a3; }\n  .badge-akts { background: #f1f5f9; color: #475569; border: 1px solid #e2e8f0; }\n  .badge-hoca { background: #dcfce7; color: #166534; }\n\n  @media (max-width: 600px) {\n    .course-title-wrapper { flex-direction: column; align-items: flex-start; gap: 5px; }\n    .content-container { padding: 20px; margin-top: 0; }\n  }\n<\/style>\n\n<div class=\"content-container\">\n  <h2 class=\"section-title\">Undergraduate Courses<\/h2>\n  \n  <div class=\"course-list\">\n    \n    <details>\n      <summary>\n        <div class=\"course-title-wrapper\">\n          <span>Computer Network Technologies<\/span>\n          <span class=\"course-code\">BLM2-3521<\/span>\n        <\/div>\n      <\/summary>\n      <div class=\"course-details\">\n        <div class=\"badge-container\">\n          <span class=\"badge badge-zorunlu\">Compulsory<\/span>\n          <span class=\"badge badge-akts\">ECTS: 5<\/span>\n          <span class=\"badge badge-hoca\">Assoc. Prof. Dr. \u0130pek Abas\u0131kele\u015f Turgut<\/span>\n        <\/div>\n        <div class=\"detail-group\">\n          <span class=\"detail-label\">Course Objective:<\/span>\n          To enable students to understand the TCP\/IP protocol suite, the working principles and rules of the Internet, and the technologies supporting it.\n        <\/div>\n        <div class=\"detail-group\">\n          <span class=\"detail-label\">Course Content:<\/span>\n          TCP\/IP Protocol Suite, Application Layer and its protocols, Ethernet.\n        <\/div>\n      <\/div>\n    <\/details>\n\n    <details>\n      <summary>\n        <div class=\"course-title-wrapper\">\n          <span>Computer Networks<\/span>\n          <span class=\"course-code\">BLM2-3624<\/span>\n        <\/div>\n      <\/summary>\n      <div class=\"course-details\">\n        <div class=\"badge-container\">\n          <span class=\"badge badge-secmeli\">Elective<\/span>\n          <span class=\"badge badge-akts\">ECTS: 5<\/span>\n          <span class=\"badge badge-hoca\">Assoc. Prof. Dr. \u0130pek Abas\u0131kele\u015f Turgut<\/span>\n        <\/div>\n        <div class=\"detail-group\">\n          <span class=\"detail-label\">Course Objective:<\/span>\n          To explain the structures, technologies, and working principles of the hardware layers of a network in detail, and to ensure students learn and use network technologies.\n        <\/div>\n        <div class=\"detail-group\">\n          <span class=\"detail-label\">Course Content:<\/span>\n          TCP\/IP protocol suite, transport layer and its protocols, network layer and its protocols.\n        <\/div>\n      <\/div>\n    <\/details>\n\n    <details>\n      <summary>\n        <div class=\"course-title-wrapper\">\n          <span>Computer Architecture<\/span>\n          <span class=\"course-code\">BLM2-3509<\/span>\n        <\/div>\n      <\/summary>\n      <div class=\"course-details\">\n        <div class=\"badge-container\">\n          <span class=\"badge badge-zorunlu\">Compulsory<\/span>\n          <span class=\"badge badge-akts\">ECTS: 5<\/span>\n          <span class=\"badge badge-hoca\">Assoc. Prof. Dr. \u0130pek Abas\u0131kele\u015f Turgut<\/span>\n        <\/div>\n        <div class=\"detail-group\">\n          <span class=\"detail-label\">Course Objective:<\/span>\n          To provide basic knowledge regarding the fundamental operation of computer architecture, the control structure and operation of the central processing unit, and control types.\n        <\/div>\n        <div class=\"detail-group\">\n          <span class=\"detail-label\">Course Content:<\/span>\n          Register Transfer and Microoperations, Basic Computer Organization and Design, Programming the Basic Computer, Central Processing Unit, Pipeline, Memory Design, and Multiprocessors.\n        <\/div>\n      <\/div>\n    <\/details>\n\n    <details>\n      <summary>\n        <div class=\"course-title-wrapper\">\n          <span>Microprocessors<\/span>\n          <span class=\"course-code\">BLM2-3616<\/span>\n        <\/div>\n      <\/summary>\n      <div class=\"course-details\">\n        <div class=\"badge-container\">\n          <span class=\"badge badge-zorunlu\">Compulsory<\/span>\n          <span class=\"badge badge-akts\">ECTS: 5<\/span>\n          <span class=\"badge badge-hoca\">Assoc. Prof. Dr. \u0130pek Abas\u0131kele\u015f Turgut<\/span>\n        <\/div>\n        <div class=\"detail-group\">\n          <span class=\"detail-label\">Course Objective:<\/span>\n          To explain number systems and data representation in computers, describe the architecture, design memory, and explain programming concepts in microprocessors.\n        <\/div>\n        <div class=\"detail-group\">\n          <span class=\"detail-label\">Course Content:<\/span>\n          Binary arithmetic, Central Processing Unit architecture, addressing modes, Assembly language and instructions, subroutine, interrupt, and stack structures.\n        <\/div>\n      <\/div>\n    <\/details>\n\n    <details>\n      <summary>\n        <div class=\"course-title-wrapper\">\n          <span>Wireless Sensor Networks<\/span>\n          <span class=\"course-code\">BLM2-4610<\/span>\n        <\/div>\n      <\/summary>\n      <div class=\"course-details\">\n        <div class=\"badge-container\">\n          <span class=\"badge badge-secmeli\">Elective<\/span>\n          <span class=\"badge badge-akts\">ECTS: 5<\/span>\n          <span class=\"badge badge-hoca\">Assoc. Prof. Dr. \u0130pek Abas\u0131kele\u015f Turgut<\/span>\n        <\/div>\n        <div class=\"detail-group\">\n          <span class=\"detail-label\">Course Objective:<\/span>\n          To enable students to comprehend the basic hardware and software architectures of Wireless Sensor Networks (WSN), their energy-efficiency-oriented protocols, and their integration processes with the IoT (Internet of Things).\n        <\/div>\n        <div class=\"detail-group\">\n          <span class=\"detail-label\">Course Content:<\/span>\n          WSN architecture, sensor node hardware, medium access control (MAC) protocols, data collection and routing algorithms, network topologies, and sensor network security.\n        <\/div>\n      <\/div>\n    <\/details>\n\n    <details>\n      <summary>\n        <div class=\"course-title-wrapper\">\n          <span>Information and Network Security<\/span>\n          <span class=\"course-code\">BLM2-4739<\/span>\n        <\/div>\n      <\/summary>\n      <div class=\"course-details\">\n        <div class=\"badge-container\">\n          <span class=\"badge badge-secmeli\">Elective<\/span>\n          <span class=\"badge badge-akts\">ECTS: 5<\/span>\n          <span class=\"badge badge-hoca\">Assoc. Prof. Dr. \u0130pek Abas\u0131kele\u015f Turgut<\/span>\n        <\/div>\n        <div class=\"detail-group\">\n          <span class=\"detail-label\">Course Objective:<\/span>\n          To ensure students learn about current Internet attacks and the precautions to be taken against them, and to understand how security is provided at each layer of TCP\/IP.\n        <\/div>\n        <div class=\"detail-group\">\n          <span class=\"detail-label\">Course Content:<\/span>\n          Network attacks, symmetric and asymmetric key cryptography, message integrity, digital signatures, SSL, IPSec, firewalls, and intrusion detection systems.\n        <\/div>\n      <\/div>\n    <\/details>\n\n  <\/div>\n<\/div>\n","protected":false},"excerpt":{"rendered":"<p>Undergraduate Courses Computer Network Technologies BLM2-3521 Compulsory ECTS: 5 Assoc. Prof. Dr. \u0130pek Abas\u0131kele\u015f Turgut Course Objective: To enable students to understand the TCP\/IP protocol suite, the working principles and rules of the Internet, and the technologies supporting it. Course Content: TCP\/IP Protocol Suite, Application Layer and its protocols, Ethernet. Computer Networks BLM2-3624 Elective ECTS:&#8230;<\/p>\n","protected":false},"author":1,"featured_media":0,"parent":0,"menu_order":0,"comment_status":"closed","ping_status":"closed","template":"","meta":{"_kad_post_transparent":"","_kad_post_title":"","_kad_post_layout":"","_kad_post_sidebar_id":"","_kad_post_content_style":"","_kad_post_vertical_padding":"","_kad_post_feature":"","_kad_post_feature_position":"","_kad_post_header":false,"_kad_post_footer":false,"_kad_post_classname":"","footnotes":""},"class_list":["post-81","page","type-page","status-publish","hentry"],"translation":{"provider":"WPGlobus","version":"3.0.2","language":"en","enabled_languages":["tr","en"],"languages":{"tr":{"title":true,"content":true,"excerpt":false},"en":{"title":true,"content":true,"excerpt":false}}},"_links":{"self":[{"href":"https:\/\/ipekabasikeles.com\/en\/wp-json\/wp\/v2\/pages\/81","targetHints":{"allow":["GET"]}}],"collection":[{"href":"https:\/\/ipekabasikeles.com\/en\/wp-json\/wp\/v2\/pages"}],"about":[{"href":"https:\/\/ipekabasikeles.com\/en\/wp-json\/wp\/v2\/types\/page"}],"author":[{"embeddable":true,"href":"https:\/\/ipekabasikeles.com\/en\/wp-json\/wp\/v2\/users\/1"}],"replies":[{"embeddable":true,"href":"https:\/\/ipekabasikeles.com\/en\/wp-json\/wp\/v2\/comments?post=81"}],"version-history":[{"count":366,"href":"https:\/\/ipekabasikeles.com\/en\/wp-json\/wp\/v2\/pages\/81\/revisions"}],"predecessor-version":[{"id":1150,"href":"https:\/\/ipekabasikeles.com\/en\/wp-json\/wp\/v2\/pages\/81\/revisions\/1150"}],"wp:attachment":[{"href":"https:\/\/ipekabasikeles.com\/en\/wp-json\/wp\/v2\/media?parent=81"}],"curies":[{"name":"wp","href":"https:\/\/api.w.org\/{rel}","templated":true}]}}